{"id":338,"date":"2023-02-13T11:22:20","date_gmt":"2023-02-13T10:22:20","guid":{"rendered":"http:\/\/osbn.pl\/?page_id=338"},"modified":"2025-02-19T15:06:42","modified_gmt":"2025-02-19T14:06:42","slug":"ziemia-ubijana-2","status":"publish","type":"page","link":"https:\/\/archiwum.osbn.pl\/en\/opisy-technologii\/ziemia-ubijana-2\/","title":{"rendered":"Ziemia ubijana"},"content":{"rendered":"<div id=\"fws_69e2794103cc6\"  data-column-margin=\"default\" data-midnight=\"dark\" data-bottom-percent=\"2%\"  class=\"wpb_row vc_row-fluid vc_row\"  style=\"padding-top: -10px; padding-bottom: calc(100vw * 0.02); \"><div class=\"row-bg-wrap\" data-bg-animation=\"none\" data-bg-animation-delay=\"\" data-bg-overlay=\"false\"><div class=\"inner-wrap row-bg-layer\" ><div class=\"row-bg viewport-desktop\"  style=\"\"><\/div><\/div><\/div><div class=\"row_col_wrap_12 col span_12 dark center\">\n\t<div  class=\"vc_col-sm-2 wpb_column column_container vc_column_container col no-extra-padding\"  data-padding-pos=\"all\" data-has-bg-color=\"false\" data-bg-color=\"\" data-bg-opacity=\"1\" data-animation=\"\" data-delay=\"0\" >\n\t\t<div class=\"vc_column-inner\" >\n\t\t\t<div class=\"wpb_wrapper\">\n\t\t\t\t\n\t\t\t<\/div> \n\t\t<\/div>\n\t<\/div> \n\n\t<div style=\"margin-bottom: 4%; \" class=\"vc_col-sm-8 wpb_column column_container vc_column_container col centered-text no-extra-padding\"  data-padding-pos=\"all\" data-has-bg-color=\"false\" data-bg-color=\"\" data-bg-opacity=\"1\" data-animation=\"\" data-delay=\"0\" >\n\t\t<div class=\"vc_column-inner\" >\n\t\t\t<div class=\"wpb_wrapper\">\n\t\t\t\t<div class=\"img-with-aniamtion-wrap center\" data-max-width=\"100%\" data-max-width-mobile=\"100%\" data-shadow=\"none\" data-animation=\"fade-in\" >\n      <div class=\"inner\">\n        <div class=\"hover-wrap\"> \n          <div class=\"hover-wrap-inner\">\n            <img loading=\"lazy\" decoding=\"async\" class=\"img-with-animation skip-lazy\" data-delay=\"0\" height=\"450\" width=\"450\" data-animation=\"fade-in\" src=\"https:\/\/archiwum.osbn.pl\/wp-content\/uploads\/2023\/02\/Ziemia-ubijana.png\" alt=\"\" srcset=\"https:\/\/archiwum.osbn.pl\/wp-content\/uploads\/2023\/02\/Ziemia-ubijana.png 450w, https:\/\/archiwum.osbn.pl\/wp-content\/uploads\/2023\/02\/Ziemia-ubijana-300x300.png 300w, https:\/\/archiwum.osbn.pl\/wp-content\/uploads\/2023\/02\/Ziemia-ubijana-150x150.png 150w, https:\/\/archiwum.osbn.pl\/wp-content\/uploads\/2023\/02\/Ziemia-ubijana-100x100.png 100w, https:\/\/archiwum.osbn.pl\/wp-content\/uploads\/2023\/02\/Ziemia-ubijana-140x140.png 140w, https:\/\/archiwum.osbn.pl\/wp-content\/uploads\/2023\/02\/Ziemia-ubijana-350x350.png 350w\" sizes=\"auto, (max-width: 450px) 100vw, 450px\" \/>\n          <\/div>\n        <\/div>\n      <\/div>\n    <\/div><div class=\"divider-wrap\" data-alignment=\"default\"><div style=\"height: 20px;\" class=\"divider\"><\/div><\/div><h2 style=\"text-align: center;font-family:Lato;font-weight:300;font-style:normal\" class=\"vc_custom_heading vc_do_custom_heading\" >Ziemia ubijana<\/h2><div class=\"divider-wrap\" data-alignment=\"default\"><div style=\"margin-top: 2px; width: 20%; height: 1px; margin-bottom: 2px;\" data-width=\"20%\" data-animate=\"\" data-animation-delay=\"\" data-color=\"extra-color-3\" class=\"divider-small-border\"><\/div><\/div><div class=\"divider-wrap\" data-alignment=\"default\"><div style=\"height: 20px;\" class=\"divider\"><\/div><\/div>\n<div class=\"wpb_text_column wpb_content_element\" >\n\t<div class=\"wpb_wrapper\">\n\t\t<p dir=\"ltr\" style=\"text-align: center;\">Budowanie z ubijanej ziemi ma tradycje si\u0119gaj\u0105c\u0105 pocz\u0105tk\u00f3w osadnictwa i jest do dzi\u015b stosowane na ca\u0142ym \u015bwicie, przede wszystkich w klimatach ciep\u0142ych i suchych. W warunkach \u015brodkowoeuropejskich budowanie t\u0105 metod\u0105 jest tak\u017ce mo\u017cliwe, pod warunkiem zapewnienia ochrony przed deszczem. W Polsce podobna technika by\u0142a historycznie szeroko stosowana i rozpowszechniona pod nazw\u0105 glinobitki. Glin\u0119 ubijan\u0105 w szalunkach przeplatano ze s\u0142om\u0105, ga\u0142\u0119ziami, \u017cerdziami lub wrzosem uk\u0142adanymi poziomo w celu wzmocnienia konstrukcji.<\/p>\n<p dir=\"ltr\" style=\"text-align: center;\">Sztuka budowania z ziemi ubijanej (ang. rammed earth) polega przede wszystkim \u00a0na odpowiednim doborze sk\u0142adnik\u00f3w mieszanki: r\u00f3\u017cnych frakcji kruszywa, piasku i gliny. W\u0142a\u015bciwie ustalone proporcje umo\u017cliwiaj\u0105 wznoszenie \u015bcian no\u015bnych, nawet do wysoko\u015bci kilku kondygnacji, bez dodatkowych stabilizator\u00f3w np. cementu. Mo\u017cliwe jest tak\u017ce tworzenie ciekawych efekt\u00f3w estetycznych poprzez stosowanie ziemi o r\u00f3\u017cnych kolorach i\/lub dodawanie barwnik\u00f3w.<\/p>\n<p dir=\"ltr\" style=\"text-align: center;\">Wsp\u00f3\u0142cze\u015bnie wznosi si\u0119 \u015bciany w tej technologii z wykorzystaniem szalunk\u00f3w. Wilgotn\u0105 ziemi\u0119 wsypuje si\u0119 do form warstwami \u00a0po 10-15cm i zag\u0119szcza poprzez ubijanie ubijakiem r\u0119cznym lub mechanicznym. \u015aciana taka ma zwykle grubo\u015b\u0107 ok. 30-50 cm i znaczn\u0105 g\u0119sto\u015b\u0107 obj\u0119to\u015bciow\u0105, co oznacza, \u017ce dobrze akumuluje ciep\u0142o, ale jest s\u0142abym izolatorem.<\/p>\n\t<\/div>\n<\/div>\n\n\n\n<div class=\"divider-wrap\" data-alignment=\"default\"><div style=\"height: 30px;\" class=\"divider\"><\/div><\/div><a class=\"nectar-button large regular extra-color-3 has-icon  regular-button\"  role=\"button\" style=\"\"  href=\"http:\/\/archiwum.osbn.pl\/index.php\/opisy-technologii\/\" data-color-override=\"false\" data-hover-color-override=\"false\" data-hover-text-color-override=\"#fff\"><span>Powr\u00f3t do innych technologii<\/span><i  class=\"fa fa-long-arrow-right\"><\/i><\/a><div class=\"divider-wrap\" data-alignment=\"default\"><div style=\"height: 30px;\" class=\"divider\"><\/div><\/div>\n\t\t\t<\/div> \n\t\t<\/div>\n\t<\/div> \n\n\t<div  class=\"vc_col-sm-2 wpb_column column_container vc_column_container col no-extra-padding\"  data-padding-pos=\"all\" data-has-bg-color=\"false\" data-bg-color=\"\" data-bg-opacity=\"1\" data-animation=\"\" data-delay=\"0\" >\n\t\t<div class=\"vc_column-inner\" >\n\t\t\t<div class=\"wpb_wrapper\">\n\t\t\t\t\n\t\t\t<\/div> \n\t\t<\/div>\n\t<\/div> \n<\/div><\/div>\n\t\t<div id=\"fws_69e2794105bdc\"  data-column-margin=\"default\" data-midnight=\"light\"  class=\"wpb_row vc_row-fluid vc_row full-width-section\"  style=\"padding-top: 0px; padding-bottom: 0px; \"><div class=\"row-bg-wrap\" data-bg-animation=\"none\" data-bg-animation-delay=\"\" data-bg-overlay=\"false\"><div class=\"inner-wrap row-bg-layer\" ><div class=\"row-bg viewport-desktop using-bg-color\"  style=\"background-color: #f2f2f2; \"><\/div><\/div><\/div><div class=\"row_col_wrap_12 col span_12 light left\">\n\t<div style=\"margin-top: -7%; margin-bottom: -7%; \" class=\"vc_col-sm-12 wpb_column column_container vc_column_container col neg-marg no-extra-padding\"  data-padding-pos=\"all\" data-has-bg-color=\"false\" data-bg-color=\"\" data-bg-opacity=\"1\" data-animation=\"\" data-delay=\"0\" >\n\t\t<div class=\"vc_column-inner\" >\n\t\t\t<div class=\"wpb_wrapper\">\n\t\t\t\t<div id=\"fws_69e27941060f7\" data-midnight=\"\" data-column-margin=\"none\" class=\"wpb_row vc_row-fluid vc_row inner_row vc_row-o-equal-height vc_row-flex vc_row-o-content-middle vc_custom_1670585709865\"  style=\"\"><div class=\"row-bg-wrap\"> <div class=\"row-bg\" ><\/div> <\/div><div class=\"row_col_wrap_12_inner col span_12  left\">\n\t<div style=\" color: #1c1c1c;\" class=\"vc_col-sm-6 wpb_column column_container vc_column_container col child_column padding-7-percent\" data-cfc=\"true\" data-using-bg=\"true\" data-bg-cover=\"true\" data-padding-pos=\"all\" data-has-bg-color=\"true\" data-bg-color=\"#f1e8cc\" data-bg-opacity=\"1\" data-animation=\"\" data-delay=\"0\" >\n\t\t<div class=\"vc_column-inner\" ><div class=\"column-image-bg-wrap column-bg-layer viewport-desktop\" data-bg-pos=\"center center\" data-bg-animation=\"none\" data-bg-overlay=\"false\"><div class=\"inner-wrap\"><div class=\"column-image-bg\" style=\"background-image: url(https:\/\/source.unsplash.com\/NKsDKNLxVRI); \"><\/div><\/div><\/div><div class=\"column-bg-overlay-wrap column-bg-layer\" data-bg-animation=\"none\"><div class=\"column-bg-overlay\" style=\"opacity: 1; background-color: #f1e8cc;\"><\/div><\/div>\n\t\t<div class=\"wpb_wrapper\">\n\t\t\t\n<div class=\"wpb_text_column wpb_content_element\" >\n\t<div class=\"wpb_wrapper\">\n\t\t<h2>Dzia\u0142amy na rzecz rozwoju naturalnego budownictwa<\/h2>\n\t<\/div>\n<\/div>\n\n\n\n\n<div class=\"wpb_text_column wpb_content_element  vc_custom_1670587154507\" >\n\t<div class=\"wpb_wrapper\">\n\t\t<p>Chcemy budowa\u0107 w Polsce wi\u0119cej dobrych, trwa\u0142ych dom\u00f3w, kt\u00f3re nie szkodz\u0105 ludziom i \u015brodowisku. \u00a0D\u0105\u017cymy do u\u017cywania materia\u0142\u00f3w odnawialnych, o prostym procesie produkcji, takich jak drewno, s\u0142oma, konopie, glina, czy wapno. Prowadzimy badania przy wsp\u00f3\u0142pracy z o\u015brodkam naukowo-badawczymi, czerpiemy z rozwi\u0105za\u0144 stosowanych na \u015bwiecie i w Europie. Nale\u017cymy \u00a0do europejskiej sieci bratnich organizacji (ESBA &#8211; European Straw Building Associacion).<\/p>\n\t<\/div>\n<\/div>\n\n\n\n\n\t\t<\/div> \n\t<\/div>\n\t<\/div> \n\n\t<div style=\"\" class=\"vc_col-sm-6 wpb_column column_container vc_column_container col child_column padding-5-percent\"  data-using-bg=\"true\" data-bg-cover=\"true\" data-padding-pos=\"all\" data-has-bg-color=\"false\" data-bg-color=\"\" data-bg-opacity=\"1\" data-animation=\"\" data-delay=\"0\" >\n\t\t<div class=\"vc_column-inner\" ><div class=\"column-image-bg-wrap column-bg-layer viewport-desktop\" data-bg-pos=\"center center\" data-bg-animation=\"none\" data-bg-overlay=\"false\"><div class=\"inner-wrap\"><div class=\"column-image-bg\" style=\" background-image: url('https:\/\/archiwum.osbn.pl\/wp-content\/uploads\/2023\/02\/OSBN-foto-2-kopia.jpg'); \"><\/div><\/div><\/div>\n\t\t<div class=\"wpb_wrapper\">\n\t\t\t<div class=\"divider-wrap\" data-alignment=\"default\"><div style=\"height: 200px;\" class=\"divider\"><\/div><\/div>\n\t\t<\/div> \n\t<\/div>\n\t<\/div> \n<\/div><\/div>\n\t\t\t<\/div> \n\t\t<\/div>\n\t<\/div> \n<\/div><\/div>\n\t\t<div id=\"fws_69e2794106f5e\"  data-column-margin=\"default\" data-midnight=\"light\" data-top-percent=\"8%\" data-bottom-percent=\"8%\"  class=\"wpb_row vc_row-fluid vc_row full-width-section\"  style=\"padding-top: calc(100vw * 0.08); padding-bottom: calc(100vw * 0.08); \"><div class=\"row-bg-wrap\" data-bg-animation=\"none\" data-bg-animation-delay=\"\" data-bg-overlay=\"true\"><div class=\"inner-wrap row-bg-layer\" ><div class=\"row-bg viewport-desktop using-bg-color\"  style=\"background-color: #1c1c1c; \"><\/div><\/div><div class=\"row-bg-overlay row-bg-layer\" style=\"background-color:#1c1c1c;  opacity: 1; \"><\/div><\/div><div class=\"row_col_wrap_12 col span_12 light left\">\n\t<div  class=\"vc_col-sm-12 wpb_column column_container vc_column_container col centered-text no-extra-padding\"  data-padding-pos=\"all\" data-has-bg-color=\"false\" data-bg-color=\"\" data-bg-opacity=\"1\" data-animation=\"\" data-delay=\"0\" >\n\t\t<div class=\"vc_column-inner\" >\n\t\t\t<div class=\"wpb_wrapper\">\n\t\t\t\t<div id=\"fws_69e27941072fa\" data-midnight=\"\" data-column-margin=\"default\" class=\"wpb_row vc_row-fluid vc_row inner_row\"  style=\"\"><div class=\"row-bg-wrap\"> <div class=\"row-bg\" ><\/div> <\/div><div class=\"row_col_wrap_12_inner col span_12  left\">\n\t<div  class=\"vc_col-sm-2 wpb_column column_container vc_column_container col child_column no-extra-padding\"   data-padding-pos=\"all\" data-has-bg-color=\"false\" data-bg-color=\"\" data-bg-opacity=\"1\" data-animation=\"\" data-delay=\"0\" >\n\t\t<div class=\"vc_column-inner\" >\n\t\t<div class=\"wpb_wrapper\">\n\t\t\t\n\t\t<\/div> \n\t<\/div>\n\t<\/div> \n\n\t<div  class=\"vc_col-sm-8 wpb_column column_container vc_column_container col child_column centered-text has-animation no-extra-padding\"   data-padding-pos=\"all\" data-has-bg-color=\"false\" data-bg-color=\"\" data-bg-opacity=\"1\" data-animation=\"fade-in-from-bottom\" data-delay=\"0\" >\n\t\t<div class=\"vc_column-inner\" >\n\t\t<div class=\"wpb_wrapper\">\n\t\t\t\n<div class=\"wpb_text_column wpb_content_element  vc_custom_1670590083613\" >\n\t<div class=\"wpb_wrapper\">\n\t\t<h2>Kontakt z nami<\/h2>\n\t<\/div>\n<\/div>\n\n\n\n\n\t\t<\/div> \n\t<\/div>\n\t<\/div> \n\n\t<div  class=\"vc_col-sm-2 wpb_column column_container vc_column_container col child_column no-extra-padding\"   data-padding-pos=\"all\" data-has-bg-color=\"false\" data-bg-color=\"\" data-bg-opacity=\"1\" data-animation=\"\" data-delay=\"0\" >\n\t\t<div class=\"vc_column-inner\" >\n\t\t<div class=\"wpb_wrapper\">\n\t\t\t\n\t\t<\/div> \n\t<\/div>\n\t<\/div> \n<\/div><\/div><div id=\"fws_69e2794107a02\" data-midnight=\"\" data-column-margin=\"default\" class=\"wpb_row vc_row-fluid vc_row inner_row\"  style=\"\"><div class=\"row-bg-wrap\"> <div class=\"row-bg\" ><\/div> <\/div><div class=\"row_col_wrap_12_inner col span_12  left\">\n\t<div  class=\"vc_col-sm-4 wpb_column column_container vc_column_container col child_column has-animation padding-2-percent\"   data-padding-pos=\"all\" data-has-bg-color=\"false\" data-bg-color=\"\" data-bg-opacity=\"1\" data-animation=\"fade-in-from-bottom\" data-delay=\"0\" >\n\t\t<div class=\"vc_column-inner\" >\n\t\t<div class=\"wpb_wrapper\">\n\t\t\t\n<div class=\"wpb_text_column wpb_content_element\" >\n\t<div class=\"wpb_wrapper\">\n\t\t<p><strong>Og\u00f3lnopolskie Stowarzyszenie<\/strong><br \/>\n<strong>Budownictwa Naturalnego<\/strong><\/p>\n\t<\/div>\n<\/div>\n\n\n\n<p style=\"color: rgba(255,255,255,0.7);text-align: center\" class=\"vc_custom_heading vc_do_custom_heading\" ><\/p>\n\t\t<\/div> \n\t<\/div>\n\t<\/div> \n\n\t<div  class=\"vc_col-sm-4 wpb_column column_container vc_column_container col child_column has-animation padding-2-percent\"   data-padding-pos=\"all\" data-has-bg-color=\"false\" data-bg-color=\"\" data-bg-opacity=\"1\" data-animation=\"fade-in-from-bottom\" data-delay=\"100\" >\n\t\t<div class=\"vc_column-inner\" >\n\t\t<div class=\"wpb_wrapper\">\n\t\t\t\n<div class=\"wpb_text_column wpb_content_element\" >\n\t<div class=\"wpb_wrapper\">\n\t\t<p><strong>Aleja Zjednoczenia 50 \/ U1,<\/strong><br \/>\n<strong>01-801 Warszawa<\/strong><\/p>\n\t<\/div>\n<\/div>\n\n\n\n<p style=\"color: rgba(255,255,255,0.7);text-align: center\" class=\"vc_custom_heading vc_do_custom_heading\" ><\/p>\n\t\t<\/div> \n\t<\/div>\n\t<\/div> \n\n\t<div  class=\"vc_col-sm-4 wpb_column column_container vc_column_container col child_column has-animation padding-2-percent\"   data-padding-pos=\"all\" data-has-bg-color=\"false\" data-bg-color=\"\" data-bg-opacity=\"1\" data-animation=\"fade-in-from-bottom\" data-delay=\"200\" >\n\t\t<div class=\"vc_column-inner\" >\n\t\t<div class=\"wpb_wrapper\">\n\t\t\t\n<div class=\"wpb_text_column wpb_content_element\" >\n\t<div class=\"wpb_wrapper\">\n\t\t<p><strong>Napisz do nas<\/strong><br \/>\n<strong>info@archiwum.osbn.pl<\/strong><\/p>\n\t<\/div>\n<\/div>\n\n\n\n<p style=\"color: rgba(255,255,255,0.7);text-align: center\" class=\"vc_custom_heading vc_do_custom_heading\" ><\/p>\n\t\t<\/div> \n\t<\/div>\n\t<\/div> \n<\/div><\/div><div id=\"fws_69e2794108493\" data-midnight=\"\" data-column-margin=\"default\" class=\"wpb_row vc_row-fluid vc_row inner_row\"  style=\"\"><div class=\"row-bg-wrap\"> <div class=\"row-bg\" ><\/div> <\/div><div class=\"row_col_wrap_12_inner col span_12  left\">\n\t<div  class=\"vc_col-sm-12 wpb_column column_container vc_column_container col child_column has-animation no-extra-padding\"   data-padding-pos=\"all\" data-has-bg-color=\"false\" data-bg-color=\"\" data-bg-opacity=\"1\" data-animation=\"grow-in\" data-delay=\"300\" >\n\t\t<div class=\"vc_column-inner\" >\n\t\t<div class=\"wpb_wrapper\">\n\t\t\t<a class=\"nectar-button jumbo see-through-2\"  role=\"button\" style=\"margin-top: 35px; \" target=\"_blank\" href=\"mailto:info@archiwum.osbn.pl\" data-color-override=\"false\" data-hover-color-override=\"false\" data-hover-text-color-override=\"#ffffff\"><span>Napisz do nas<\/span><\/a>\n\t\t<\/div> \n\t<\/div>\n\t<\/div> \n<\/div><\/div><div class=\"divider-wrap\" data-alignment=\"default\"><div style=\"height: 60px;\" class=\"divider\"><\/div><\/div><div class=\"img-with-aniamtion-wrap center\" data-max-width=\"100%\" data-max-width-mobile=\"100%\" data-shadow=\"none\" data-animation=\"fade-in\" >\n      <div class=\"inner\">\n        <div class=\"hover-wrap\"> \n          <div class=\"hover-wrap-inner\">\n            <a href=\"#\" target=\"_self\" class=\"center\">\n              <img loading=\"lazy\" decoding=\"async\" class=\"img-with-animation skip-lazy\" data-delay=\"0\" height=\"101\" width=\"160\" data-animation=\"fade-in\" src=\"https:\/\/archiwum.osbn.pl\/wp-content\/uploads\/2023\/02\/OSBN-Logo-Retina-white-kopia.png\" alt=\"\"  \/>\n            <\/a>\n          <\/div>\n        <\/div>\n      <\/div>\n      <\/div>\n\t\t\t<\/div> \n\t\t<\/div>\n\t<\/div> \n<\/div><\/div>","protected":false},"excerpt":{"rendered":"Ziemia ubijana Budowanie z ubijanej ziemi ma tradycje si\u0119gaj\u0105c\u0105 pocz\u0105tk\u00f3w osadnictwa i jest do dzi\u015b...","protected":false},"author":2,"featured_media":0,"parent":242,"menu_order":12,"comment_status":"closed","ping_status":"closed","template":"","meta":{"footnotes":""},"class_list":["post-338","page","type-page","status-publish"],"yoast_head":"<!-- This site is optimized with the Yoast SEO plugin v26.9 - https:\/\/yoast.com\/product\/yoast-seo-wordpress\/ -->\n<title>Ziemia ubijana - OSBN<\/title>\n<meta name=\"robots\" content=\"index, follow, max-snippet:-1, max-image-preview:large, max-video-preview:-1\" \/>\n<link rel=\"canonical\" href=\"https:\/\/archiwum.osbn.pl\/en\/opisy-technologii\/ziemia-ubijana-2\/\" \/>\n<meta property=\"og:locale\" content=\"en_GB\" \/>\n<meta property=\"og:type\" content=\"article\" \/>\n<meta property=\"og:title\" content=\"Ziemia ubijana - OSBN\" \/>\n<meta property=\"og:url\" content=\"https:\/\/archiwum.osbn.pl\/en\/opisy-technologii\/ziemia-ubijana-2\/\" \/>\n<meta property=\"og:site_name\" content=\"OSBN\" \/>\n<meta property=\"article:publisher\" content=\"https:\/\/www.facebook.com\/osbnpl\/\" \/>\n<meta property=\"article:modified_time\" content=\"2025-02-19T14:06:42+00:00\" \/>\n<meta name=\"twitter:card\" content=\"summary_large_image\" \/>\n<meta name=\"twitter:label1\" content=\"Estimated reading time\" \/>\n\t<meta name=\"twitter:data1\" content=\"7 minutes\" \/>\n<script type=\"application\/ld+json\" class=\"yoast-schema-graph\">{\"@context\":\"https:\/\/schema.org\",\"@graph\":[{\"@type\":\"WebPage\",\"@id\":\"https:\/\/archiwum.osbn.pl\/opisy-technologii\/ziemia-ubijana-2\/\",\"url\":\"https:\/\/archiwum.osbn.pl\/opisy-technologii\/ziemia-ubijana-2\/\",\"name\":\"Ziemia ubijana - OSBN\",\"isPartOf\":{\"@id\":\"https:\/\/archiwum.osbn.pl\/#website\"},\"datePublished\":\"2023-02-13T10:22:20+00:00\",\"dateModified\":\"2025-02-19T14:06:42+00:00\",\"breadcrumb\":{\"@id\":\"https:\/\/archiwum.osbn.pl\/opisy-technologii\/ziemia-ubijana-2\/#breadcrumb\"},\"inLanguage\":\"en-GB\",\"potentialAction\":[{\"@type\":\"ReadAction\",\"target\":[\"https:\/\/archiwum.osbn.pl\/opisy-technologii\/ziemia-ubijana-2\/\"]}]},{\"@type\":\"BreadcrumbList\",\"@id\":\"https:\/\/archiwum.osbn.pl\/opisy-technologii\/ziemia-ubijana-2\/#breadcrumb\",\"itemListElement\":[{\"@type\":\"ListItem\",\"position\":1,\"name\":\"Strona g\u0142\u00f3wna\",\"item\":\"https:\/\/archiwum.osbn.pl\/\"},{\"@type\":\"ListItem\",\"position\":2,\"name\":\"Opisy technologii\",\"item\":\"https:\/\/archiwum.osbn.pl\/opisy-technologii\/\"},{\"@type\":\"ListItem\",\"position\":3,\"name\":\"Ziemia ubijana\"}]},{\"@type\":\"WebSite\",\"@id\":\"https:\/\/archiwum.osbn.pl\/#website\",\"url\":\"https:\/\/archiwum.osbn.pl\/\",\"name\":\"OSBN\",\"description\":\"Og\u00f3lnopolskie Stowarzyszenie Budownictwa Naturalnego\",\"publisher\":{\"@id\":\"https:\/\/archiwum.osbn.pl\/#organization\"},\"potentialAction\":[{\"@type\":\"SearchAction\",\"target\":{\"@type\":\"EntryPoint\",\"urlTemplate\":\"https:\/\/archiwum.osbn.pl\/?s={search_term_string}\"},\"query-input\":{\"@type\":\"PropertyValueSpecification\",\"valueRequired\":true,\"valueName\":\"search_term_string\"}}],\"inLanguage\":\"en-GB\"},{\"@type\":\"Organization\",\"@id\":\"https:\/\/archiwum.osbn.pl\/#organization\",\"name\":\"OSBN\",\"url\":\"https:\/\/archiwum.osbn.pl\/\",\"logo\":{\"@type\":\"ImageObject\",\"inLanguage\":\"en-GB\",\"@id\":\"https:\/\/archiwum.osbn.pl\/#\/schema\/logo\/image\/\",\"url\":\"https:\/\/osbn.pl\/wp-content\/uploads\/2023\/01\/OSBN-Logo-Retina-kopia.png\",\"contentUrl\":\"https:\/\/osbn.pl\/wp-content\/uploads\/2023\/01\/OSBN-Logo-Retina-kopia.png\",\"width\":160,\"height\":101,\"caption\":\"OSBN\"},\"image\":{\"@id\":\"https:\/\/archiwum.osbn.pl\/#\/schema\/logo\/image\/\"},\"sameAs\":[\"https:\/\/www.facebook.com\/osbnpl\/\",\"https:\/\/www.instagram.com\/osbn.pl\/\",\"https:\/\/www.youtube.com\/@osbnbudownictwonaturalne2819\"]}]}<\/script>\n<!-- \/ Yoast SEO plugin. -->","yoast_head_json":{"title":"Ziemia ubijana - OSBN","robots":{"index":"index","follow":"follow","max-snippet":"max-snippet:-1","max-image-preview":"max-image-preview:large","max-video-preview":"max-video-preview:-1"},"canonical":"https:\/\/archiwum.osbn.pl\/en\/opisy-technologii\/ziemia-ubijana-2\/","og_locale":"en_GB","og_type":"article","og_title":"Ziemia ubijana - OSBN","og_url":"https:\/\/archiwum.osbn.pl\/en\/opisy-technologii\/ziemia-ubijana-2\/","og_site_name":"OSBN","article_publisher":"https:\/\/www.facebook.com\/osbnpl\/","article_modified_time":"2025-02-19T14:06:42+00:00","twitter_card":"summary_large_image","twitter_misc":{"Estimated reading time":"7 minutes"},"schema":{"@context":"https:\/\/schema.org","@graph":[{"@type":"WebPage","@id":"https:\/\/archiwum.osbn.pl\/opisy-technologii\/ziemia-ubijana-2\/","url":"https:\/\/archiwum.osbn.pl\/opisy-technologii\/ziemia-ubijana-2\/","name":"Ziemia ubijana - OSBN","isPartOf":{"@id":"https:\/\/archiwum.osbn.pl\/#website"},"datePublished":"2023-02-13T10:22:20+00:00","dateModified":"2025-02-19T14:06:42+00:00","breadcrumb":{"@id":"https:\/\/archiwum.osbn.pl\/opisy-technologii\/ziemia-ubijana-2\/#breadcrumb"},"inLanguage":"en-GB","potentialAction":[{"@type":"ReadAction","target":["https:\/\/archiwum.osbn.pl\/opisy-technologii\/ziemia-ubijana-2\/"]}]},{"@type":"BreadcrumbList","@id":"https:\/\/archiwum.osbn.pl\/opisy-technologii\/ziemia-ubijana-2\/#breadcrumb","itemListElement":[{"@type":"ListItem","position":1,"name":"Strona g\u0142\u00f3wna","item":"https:\/\/archiwum.osbn.pl\/"},{"@type":"ListItem","position":2,"name":"Opisy technologii","item":"https:\/\/archiwum.osbn.pl\/opisy-technologii\/"},{"@type":"ListItem","position":3,"name":"Ziemia ubijana"}]},{"@type":"WebSite","@id":"https:\/\/archiwum.osbn.pl\/#website","url":"https:\/\/archiwum.osbn.pl\/","name":"OSBN","description":"Og\u00f3lnopolskie Stowarzyszenie Budownictwa Naturalnego","publisher":{"@id":"https:\/\/archiwum.osbn.pl\/#organization"},"potentialAction":[{"@type":"SearchAction","target":{"@type":"EntryPoint","urlTemplate":"https:\/\/archiwum.osbn.pl\/?s={search_term_string}"},"query-input":{"@type":"PropertyValueSpecification","valueRequired":true,"valueName":"search_term_string"}}],"inLanguage":"en-GB"},{"@type":"Organization","@id":"https:\/\/archiwum.osbn.pl\/#organization","name":"OSBN","url":"https:\/\/archiwum.osbn.pl\/","logo":{"@type":"ImageObject","inLanguage":"en-GB","@id":"https:\/\/archiwum.osbn.pl\/#\/schema\/logo\/image\/","url":"https:\/\/osbn.pl\/wp-content\/uploads\/2023\/01\/OSBN-Logo-Retina-kopia.png","contentUrl":"https:\/\/osbn.pl\/wp-content\/uploads\/2023\/01\/OSBN-Logo-Retina-kopia.png","width":160,"height":101,"caption":"OSBN"},"image":{"@id":"https:\/\/archiwum.osbn.pl\/#\/schema\/logo\/image\/"},"sameAs":["https:\/\/www.facebook.com\/osbnpl\/","https:\/\/www.instagram.com\/osbn.pl\/","https:\/\/www.youtube.com\/@osbnbudownictwonaturalne2819"]}]}},"_links":{"self":[{"href":"https:\/\/archiwum.osbn.pl\/en\/wp-json\/wp\/v2\/pages\/338","targetHints":{"allow":["GET"]}}],"collection":[{"href":"https:\/\/archiwum.osbn.pl\/en\/wp-json\/wp\/v2\/pages"}],"about":[{"href":"https:\/\/archiwum.osbn.pl\/en\/wp-json\/wp\/v2\/types\/page"}],"author":[{"embeddable":true,"href":"https:\/\/archiwum.osbn.pl\/en\/wp-json\/wp\/v2\/users\/2"}],"replies":[{"embeddable":true,"href":"https:\/\/archiwum.osbn.pl\/en\/wp-json\/wp\/v2\/comments?post=338"}],"version-history":[{"count":1,"href":"https:\/\/archiwum.osbn.pl\/en\/wp-json\/wp\/v2\/pages\/338\/revisions"}],"predecessor-version":[{"id":1221,"href":"https:\/\/archiwum.osbn.pl\/en\/wp-json\/wp\/v2\/pages\/338\/revisions\/1221"}],"up":[{"embeddable":true,"href":"https:\/\/archiwum.osbn.pl\/en\/wp-json\/wp\/v2\/pages\/242"}],"wp:attachment":[{"href":"https:\/\/archiwum.osbn.pl\/en\/wp-json\/wp\/v2\/media?parent=338"}],"curies":[{"name":"wp","href":"https:\/\/api.w.org\/{rel}","templated":true}]}}