{"id":333,"date":"2023-02-13T11:14:45","date_gmt":"2023-02-13T10:14:45","guid":{"rendered":"http:\/\/osbn.pl\/?page_id=333"},"modified":"2025-02-19T15:06:41","modified_gmt":"2025-02-19T14:06:41","slug":"celuloza-2","status":"publish","type":"page","link":"https:\/\/archiwum.osbn.pl\/en\/opisy-technologii\/celuloza-2\/","title":{"rendered":"Celuloza"},"content":{"rendered":"<div id=\"fws_69e27614a5201\"  data-column-margin=\"default\" data-midnight=\"dark\" data-bottom-percent=\"2%\"  class=\"wpb_row vc_row-fluid vc_row\"  style=\"padding-top: -10px; padding-bottom: calc(100vw * 0.02); \"><div class=\"row-bg-wrap\" data-bg-animation=\"none\" data-bg-animation-delay=\"\" data-bg-overlay=\"false\"><div class=\"inner-wrap row-bg-layer\" ><div class=\"row-bg viewport-desktop\"  style=\"\"><\/div><\/div><\/div><div class=\"row_col_wrap_12 col span_12 dark center\">\n\t<div  class=\"vc_col-sm-2 wpb_column column_container vc_column_container col no-extra-padding\"  data-padding-pos=\"all\" data-has-bg-color=\"false\" data-bg-color=\"\" data-bg-opacity=\"1\" data-animation=\"\" data-delay=\"0\" >\n\t\t<div class=\"vc_column-inner\" >\n\t\t\t<div class=\"wpb_wrapper\">\n\t\t\t\t\n\t\t\t<\/div> \n\t\t<\/div>\n\t<\/div> \n\n\t<div style=\"margin-bottom: 4%; \" class=\"vc_col-sm-8 wpb_column column_container vc_column_container col centered-text no-extra-padding\"  data-padding-pos=\"all\" data-has-bg-color=\"false\" data-bg-color=\"\" data-bg-opacity=\"1\" data-animation=\"\" data-delay=\"0\" >\n\t\t<div class=\"vc_column-inner\" >\n\t\t\t<div class=\"wpb_wrapper\">\n\t\t\t\t<div class=\"img-with-aniamtion-wrap center\" data-max-width=\"100%\" data-max-width-mobile=\"100%\" data-shadow=\"none\" data-animation=\"fade-in\" >\n      <div class=\"inner\">\n        <div class=\"hover-wrap\"> \n          <div class=\"hover-wrap-inner\">\n            <img loading=\"lazy\" decoding=\"async\" class=\"img-with-animation skip-lazy\" data-delay=\"0\" height=\"450\" width=\"450\" data-animation=\"fade-in\" src=\"https:\/\/archiwum.osbn.pl\/wp-content\/uploads\/2023\/02\/Celuloza.png\" alt=\"\" srcset=\"https:\/\/archiwum.osbn.pl\/wp-content\/uploads\/2023\/02\/Celuloza.png 450w, https:\/\/archiwum.osbn.pl\/wp-content\/uploads\/2023\/02\/Celuloza-300x300.png 300w, https:\/\/archiwum.osbn.pl\/wp-content\/uploads\/2023\/02\/Celuloza-150x150.png 150w, https:\/\/archiwum.osbn.pl\/wp-content\/uploads\/2023\/02\/Celuloza-100x100.png 100w, https:\/\/archiwum.osbn.pl\/wp-content\/uploads\/2023\/02\/Celuloza-140x140.png 140w, https:\/\/archiwum.osbn.pl\/wp-content\/uploads\/2023\/02\/Celuloza-350x350.png 350w\" sizes=\"auto, (max-width: 450px) 100vw, 450px\" \/>\n          <\/div>\n        <\/div>\n      <\/div>\n    <\/div><div class=\"divider-wrap\" data-alignment=\"default\"><div style=\"height: 20px;\" class=\"divider\"><\/div><\/div><h2 style=\"text-align: center;font-family:Lato;font-weight:300;font-style:normal\" class=\"vc_custom_heading vc_do_custom_heading\" >Celuloza<\/h2><div class=\"divider-wrap\" data-alignment=\"default\"><div style=\"margin-top: 2px; width: 20%; height: 1px; margin-bottom: 2px;\" data-width=\"20%\" data-animate=\"\" data-animation-delay=\"\" data-color=\"extra-color-3\" class=\"divider-small-border\"><\/div><\/div><div class=\"divider-wrap\" data-alignment=\"default\"><div style=\"height: 20px;\" class=\"divider\"><\/div><\/div>\n<div class=\"wpb_text_column wpb_content_element\" >\n\t<div class=\"wpb_wrapper\">\n\t\t<p dir=\"ltr\" style=\"text-align: center;\">Izolacje termiczne wykonane z w\u0142\u00f3kien celulozowych zwanych te\u017c we\u0142n\u0105 celulozow\u0105 lub fibrem to coraz cz\u0119stszy spos\u00f3b na docieplanie budynk\u00f3w. Celuloza ma doskona\u0142e parametry izolacyjne. Wsp\u00f3\u0142czynnik lambda dla celulozy (w zale\u017cno\u015bci od producenta) waha si\u0119 w granicach od 0,042 do 0,036 W\/(m*K).<\/p>\n<p dir=\"ltr\" style=\"text-align: center;\">Najcz\u0119\u015bciej lu\u017anym zasypem izoluje si\u0119 stropy, zabudowy poddasza i \u015bcian, czy inne trudno dost\u0119pne przestrzenie. Stosowana te\u017c jest metoda natrysku na mokro. W ten spos\u00f3b ociepla si\u0119 od do\u0142u np. stropy piwnic.<\/p>\n\t<\/div>\n<\/div>\n\n\n\n<div class=\"divider-wrap\" data-alignment=\"default\"><div style=\"height: 30px;\" class=\"divider\"><\/div><\/div><div class=\"toggles\" data-br=\"\" data-starting=\"default\" data-style=\"default\"><div class=\"toggle extra-color-3\" data-inner-wrap=\"true\"><h3 class=\"toggle-title\"><a href=\"#\" role=\"button\" class=\"toggle-heading\"><i role=\"presentation\" class=\"fa fa-plus-circle\"><\/i>Cechy celulozy:<\/a><\/h3><div><div class=\"inner-toggle-wrap\">\n<div class=\"wpb_text_column wpb_content_element\" >\n\t<div class=\"wpb_wrapper\">\n\t\t<ul>\n<li dir=\"ltr\">\n<p dir=\"ltr\">ma wysok\u0105 paroprzepuszczalno\u015b\u0107<\/p>\n<\/li>\n<li dir=\"ltr\">\n<p dir=\"ltr\">doskonale radzi sobie z wilgoci\u0105 z powietrza odprowadzaj\u0105c j\u0105 na zewn\u0105trz lub oddaj\u0105c do pomieszcze\u0144, gdy powietrze staje si\u0119 suche.<\/p>\n<\/li>\n<li dir=\"ltr\">\n<p dir=\"ltr\">nasycenie solami boru powoduje, \u017ce jest trudno zapalna, odporna na grzyby i zupe\u0142nie nieatrakcyjna dla gryzoni<\/p>\n<\/li>\n<li dir=\"ltr\">\n<p dir=\"ltr\">nie wywo\u0142uje podra\u017cnie\u0144 i reakcji alergicznych<\/p>\n<\/li>\n<li dir=\"ltr\">\n<p dir=\"ltr\">wytwarzana jest przez recyking makulatury<\/p>\n<\/li>\n<li dir=\"ltr\">\n<p dir=\"ltr\">jest metod\u0105 szybk\u0105 w wykonaniu, cho\u0107 wymaga specjalistycznego sprz\u0119tu do zasypu<\/p>\n<\/li>\n<\/ul>\n\t<\/div>\n<\/div>\n\n\n\n<\/div><\/div><\/div><\/div>\n\n\n\n\n\n\n\n\n\n\n\n\n\n\n\n\n\n\n\n<div class=\"divider-wrap\" data-alignment=\"default\"><div style=\"height: 30px;\" class=\"divider\"><\/div><\/div><a class=\"nectar-button large regular extra-color-3 has-icon  regular-button\"  role=\"button\" style=\"\"  href=\"http:\/\/archiwum.osbn.pl\/index.php\/opisy-technologii\/\" data-color-override=\"false\" data-hover-color-override=\"false\" data-hover-text-color-override=\"#fff\"><span>Powr\u00f3t do innych technologii<\/span><i  class=\"fa fa-long-arrow-right\"><\/i><\/a><div class=\"divider-wrap\" data-alignment=\"default\"><div style=\"height: 30px;\" class=\"divider\"><\/div><\/div>\n\t\t\t<\/div> \n\t\t<\/div>\n\t<\/div> \n\n\t<div  class=\"vc_col-sm-2 wpb_column column_container vc_column_container col no-extra-padding\"  data-padding-pos=\"all\" data-has-bg-color=\"false\" data-bg-color=\"\" data-bg-opacity=\"1\" data-animation=\"\" data-delay=\"0\" >\n\t\t<div class=\"vc_column-inner\" >\n\t\t\t<div class=\"wpb_wrapper\">\n\t\t\t\t\n\t\t\t<\/div> \n\t\t<\/div>\n\t<\/div> \n<\/div><\/div>\n\t\t<div id=\"fws_69e27614a76e8\"  data-column-margin=\"default\" data-midnight=\"light\"  class=\"wpb_row vc_row-fluid vc_row full-width-section\"  style=\"padding-top: 0px; padding-bottom: 0px; \"><div class=\"row-bg-wrap\" data-bg-animation=\"none\" data-bg-animation-delay=\"\" data-bg-overlay=\"false\"><div class=\"inner-wrap row-bg-layer\" ><div class=\"row-bg viewport-desktop using-bg-color\"  style=\"background-color: #f2f2f2; \"><\/div><\/div><\/div><div class=\"row_col_wrap_12 col span_12 light left\">\n\t<div style=\"margin-top: -7%; margin-bottom: -7%; \" class=\"vc_col-sm-12 wpb_column column_container vc_column_container col neg-marg no-extra-padding\"  data-padding-pos=\"all\" data-has-bg-color=\"false\" data-bg-color=\"\" data-bg-opacity=\"1\" data-animation=\"\" data-delay=\"0\" >\n\t\t<div class=\"vc_column-inner\" >\n\t\t\t<div class=\"wpb_wrapper\">\n\t\t\t\t<div id=\"fws_69e27614a7c07\" data-midnight=\"\" data-column-margin=\"none\" class=\"wpb_row vc_row-fluid vc_row inner_row vc_row-o-equal-height vc_row-flex vc_row-o-content-middle vc_custom_1670585709865\"  style=\"\"><div class=\"row-bg-wrap\"> <div class=\"row-bg\" ><\/div> <\/div><div class=\"row_col_wrap_12_inner col span_12  left\">\n\t<div style=\" color: #1c1c1c;\" class=\"vc_col-sm-6 wpb_column column_container vc_column_container col child_column padding-7-percent\" data-cfc=\"true\" data-using-bg=\"true\" data-bg-cover=\"true\" data-padding-pos=\"all\" data-has-bg-color=\"true\" data-bg-color=\"#f1e8cc\" data-bg-opacity=\"1\" data-animation=\"\" data-delay=\"0\" >\n\t\t<div class=\"vc_column-inner\" ><div class=\"column-image-bg-wrap column-bg-layer viewport-desktop\" data-bg-pos=\"center center\" data-bg-animation=\"none\" data-bg-overlay=\"false\"><div class=\"inner-wrap\"><div class=\"column-image-bg\" style=\"background-image: url(https:\/\/source.unsplash.com\/NKsDKNLxVRI); \"><\/div><\/div><\/div><div class=\"column-bg-overlay-wrap column-bg-layer\" data-bg-animation=\"none\"><div class=\"column-bg-overlay\" style=\"opacity: 1; background-color: #f1e8cc;\"><\/div><\/div>\n\t\t<div class=\"wpb_wrapper\">\n\t\t\t\n<div class=\"wpb_text_column wpb_content_element\" >\n\t<div class=\"wpb_wrapper\">\n\t\t<h2>Dzia\u0142amy na rzecz rozwoju naturalnego budownictwa<\/h2>\n\t<\/div>\n<\/div>\n\n\n\n\n<div class=\"wpb_text_column wpb_content_element  vc_custom_1670587154507\" >\n\t<div class=\"wpb_wrapper\">\n\t\t<p>Chcemy budowa\u0107 w Polsce wi\u0119cej dobrych, trwa\u0142ych dom\u00f3w, kt\u00f3re nie szkodz\u0105 ludziom i \u015brodowisku. \u00a0D\u0105\u017cymy do u\u017cywania materia\u0142\u00f3w odnawialnych, o prostym procesie produkcji, takich jak drewno, s\u0142oma, konopie, glina, czy wapno. Prowadzimy badania przy wsp\u00f3\u0142pracy z o\u015brodkam naukowo-badawczymi, czerpiemy z rozwi\u0105za\u0144 stosowanych na \u015bwiecie i w Europie. Nale\u017cymy \u00a0do europejskiej sieci bratnich organizacji (ESBA &#8211; European Straw Building Associacion).<\/p>\n\t<\/div>\n<\/div>\n\n\n\n\n\t\t<\/div> \n\t<\/div>\n\t<\/div> \n\n\t<div style=\"\" class=\"vc_col-sm-6 wpb_column column_container vc_column_container col child_column padding-5-percent\"  data-using-bg=\"true\" data-bg-cover=\"true\" data-padding-pos=\"all\" data-has-bg-color=\"false\" data-bg-color=\"\" data-bg-opacity=\"1\" data-animation=\"\" data-delay=\"0\" >\n\t\t<div class=\"vc_column-inner\" ><div class=\"column-image-bg-wrap column-bg-layer viewport-desktop\" data-bg-pos=\"center center\" data-bg-animation=\"none\" data-bg-overlay=\"false\"><div class=\"inner-wrap\"><div class=\"column-image-bg\" style=\" background-image: url('https:\/\/archiwum.osbn.pl\/wp-content\/uploads\/2023\/02\/OSBN-foto-2-kopia.jpg'); \"><\/div><\/div><\/div>\n\t\t<div class=\"wpb_wrapper\">\n\t\t\t<div class=\"divider-wrap\" data-alignment=\"default\"><div style=\"height: 200px;\" class=\"divider\"><\/div><\/div>\n\t\t<\/div> \n\t<\/div>\n\t<\/div> \n<\/div><\/div>\n\t\t\t<\/div> \n\t\t<\/div>\n\t<\/div> \n<\/div><\/div>\n\t\t<div id=\"fws_69e27614a8980\"  data-column-margin=\"default\" data-midnight=\"light\" data-top-percent=\"8%\" data-bottom-percent=\"8%\"  class=\"wpb_row vc_row-fluid vc_row full-width-section\"  style=\"padding-top: calc(100vw * 0.08); padding-bottom: calc(100vw * 0.08); \"><div class=\"row-bg-wrap\" data-bg-animation=\"none\" data-bg-animation-delay=\"\" data-bg-overlay=\"true\"><div class=\"inner-wrap row-bg-layer\" ><div class=\"row-bg viewport-desktop using-bg-color\"  style=\"background-color: #1c1c1c; \"><\/div><\/div><div class=\"row-bg-overlay row-bg-layer\" style=\"background-color:#1c1c1c;  opacity: 1; \"><\/div><\/div><div class=\"row_col_wrap_12 col span_12 light left\">\n\t<div  class=\"vc_col-sm-12 wpb_column column_container vc_column_container col centered-text no-extra-padding\"  data-padding-pos=\"all\" data-has-bg-color=\"false\" data-bg-color=\"\" data-bg-opacity=\"1\" data-animation=\"\" data-delay=\"0\" >\n\t\t<div class=\"vc_column-inner\" >\n\t\t\t<div class=\"wpb_wrapper\">\n\t\t\t\t<div id=\"fws_69e27614a8d42\" data-midnight=\"\" data-column-margin=\"default\" class=\"wpb_row vc_row-fluid vc_row inner_row\"  style=\"\"><div class=\"row-bg-wrap\"> <div class=\"row-bg\" ><\/div> <\/div><div class=\"row_col_wrap_12_inner col span_12  left\">\n\t<div  class=\"vc_col-sm-2 wpb_column column_container vc_column_container col child_column no-extra-padding\"   data-padding-pos=\"all\" data-has-bg-color=\"false\" data-bg-color=\"\" data-bg-opacity=\"1\" data-animation=\"\" data-delay=\"0\" >\n\t\t<div class=\"vc_column-inner\" >\n\t\t<div class=\"wpb_wrapper\">\n\t\t\t\n\t\t<\/div> \n\t<\/div>\n\t<\/div> \n\n\t<div  class=\"vc_col-sm-8 wpb_column column_container vc_column_container col child_column centered-text has-animation no-extra-padding\"   data-padding-pos=\"all\" data-has-bg-color=\"false\" data-bg-color=\"\" data-bg-opacity=\"1\" data-animation=\"fade-in-from-bottom\" data-delay=\"0\" >\n\t\t<div class=\"vc_column-inner\" >\n\t\t<div class=\"wpb_wrapper\">\n\t\t\t\n<div class=\"wpb_text_column wpb_content_element  vc_custom_1670590083613\" >\n\t<div class=\"wpb_wrapper\">\n\t\t<h2>Kontakt z nami<\/h2>\n\t<\/div>\n<\/div>\n\n\n\n\n\t\t<\/div> \n\t<\/div>\n\t<\/div> \n\n\t<div  class=\"vc_col-sm-2 wpb_column column_container vc_column_container col child_column no-extra-padding\"   data-padding-pos=\"all\" data-has-bg-color=\"false\" data-bg-color=\"\" data-bg-opacity=\"1\" data-animation=\"\" data-delay=\"0\" >\n\t\t<div class=\"vc_column-inner\" >\n\t\t<div class=\"wpb_wrapper\">\n\t\t\t\n\t\t<\/div> \n\t<\/div>\n\t<\/div> \n<\/div><\/div><div id=\"fws_69e27614a949e\" data-midnight=\"\" data-column-margin=\"default\" class=\"wpb_row vc_row-fluid vc_row inner_row\"  style=\"\"><div class=\"row-bg-wrap\"> <div class=\"row-bg\" ><\/div> <\/div><div class=\"row_col_wrap_12_inner col span_12  left\">\n\t<div  class=\"vc_col-sm-4 wpb_column column_container vc_column_container col child_column has-animation padding-2-percent\"   data-padding-pos=\"all\" data-has-bg-color=\"false\" data-bg-color=\"\" data-bg-opacity=\"1\" data-animation=\"fade-in-from-bottom\" data-delay=\"0\" >\n\t\t<div class=\"vc_column-inner\" >\n\t\t<div class=\"wpb_wrapper\">\n\t\t\t\n<div class=\"wpb_text_column wpb_content_element\" >\n\t<div class=\"wpb_wrapper\">\n\t\t<p><strong>Og\u00f3lnopolskie Stowarzyszenie<\/strong><br \/>\n<strong>Budownictwa Naturalnego<\/strong><\/p>\n\t<\/div>\n<\/div>\n\n\n\n<p style=\"color: rgba(255,255,255,0.7);text-align: center\" class=\"vc_custom_heading vc_do_custom_heading\" ><\/p>\n\t\t<\/div> \n\t<\/div>\n\t<\/div> \n\n\t<div  class=\"vc_col-sm-4 wpb_column column_container vc_column_container col child_column has-animation padding-2-percent\"   data-padding-pos=\"all\" data-has-bg-color=\"false\" data-bg-color=\"\" data-bg-opacity=\"1\" data-animation=\"fade-in-from-bottom\" data-delay=\"100\" >\n\t\t<div class=\"vc_column-inner\" >\n\t\t<div class=\"wpb_wrapper\">\n\t\t\t\n<div class=\"wpb_text_column wpb_content_element\" >\n\t<div class=\"wpb_wrapper\">\n\t\t<p><strong>Aleja Zjednoczenia 50 \/ U1,<\/strong><br \/>\n<strong>01-801 Warszawa<\/strong><\/p>\n\t<\/div>\n<\/div>\n\n\n\n<p style=\"color: rgba(255,255,255,0.7);text-align: center\" class=\"vc_custom_heading vc_do_custom_heading\" ><\/p>\n\t\t<\/div> \n\t<\/div>\n\t<\/div> \n\n\t<div  class=\"vc_col-sm-4 wpb_column column_container vc_column_container col child_column has-animation padding-2-percent\"   data-padding-pos=\"all\" data-has-bg-color=\"false\" data-bg-color=\"\" data-bg-opacity=\"1\" data-animation=\"fade-in-from-bottom\" data-delay=\"200\" >\n\t\t<div class=\"vc_column-inner\" >\n\t\t<div class=\"wpb_wrapper\">\n\t\t\t\n<div class=\"wpb_text_column wpb_content_element\" >\n\t<div class=\"wpb_wrapper\">\n\t\t<p><strong>Napisz do nas<\/strong><br \/>\n<strong>info@archiwum.osbn.pl<\/strong><\/p>\n\t<\/div>\n<\/div>\n\n\n\n<p style=\"color: rgba(255,255,255,0.7);text-align: center\" class=\"vc_custom_heading vc_do_custom_heading\" ><\/p>\n\t\t<\/div> \n\t<\/div>\n\t<\/div> \n<\/div><\/div><div id=\"fws_69e27614aa065\" data-midnight=\"\" data-column-margin=\"default\" class=\"wpb_row vc_row-fluid vc_row inner_row\"  style=\"\"><div class=\"row-bg-wrap\"> <div class=\"row-bg\" ><\/div> <\/div><div class=\"row_col_wrap_12_inner col span_12  left\">\n\t<div  class=\"vc_col-sm-12 wpb_column column_container vc_column_container col child_column has-animation no-extra-padding\"   data-padding-pos=\"all\" data-has-bg-color=\"false\" data-bg-color=\"\" data-bg-opacity=\"1\" data-animation=\"grow-in\" data-delay=\"300\" >\n\t\t<div class=\"vc_column-inner\" >\n\t\t<div class=\"wpb_wrapper\">\n\t\t\t<a class=\"nectar-button jumbo see-through-2\"  role=\"button\" style=\"margin-top: 35px; \" target=\"_blank\" href=\"mailto:info@archiwum.osbn.pl\" data-color-override=\"false\" data-hover-color-override=\"false\" data-hover-text-color-override=\"#ffffff\"><span>Napisz do nas<\/span><\/a>\n\t\t<\/div> \n\t<\/div>\n\t<\/div> \n<\/div><\/div><div class=\"divider-wrap\" data-alignment=\"default\"><div style=\"height: 60px;\" class=\"divider\"><\/div><\/div><div class=\"img-with-aniamtion-wrap center\" data-max-width=\"100%\" data-max-width-mobile=\"100%\" data-shadow=\"none\" data-animation=\"fade-in\" >\n      <div class=\"inner\">\n        <div class=\"hover-wrap\"> \n          <div class=\"hover-wrap-inner\">\n            <a href=\"#\" target=\"_self\" class=\"center\">\n              <img loading=\"lazy\" decoding=\"async\" class=\"img-with-animation skip-lazy\" data-delay=\"0\" height=\"101\" width=\"160\" data-animation=\"fade-in\" src=\"https:\/\/archiwum.osbn.pl\/wp-content\/uploads\/2023\/02\/OSBN-Logo-Retina-white-kopia.png\" alt=\"\"  \/>\n            <\/a>\n          <\/div>\n        <\/div>\n      <\/div>\n      <\/div>\n\t\t\t<\/div> \n\t\t<\/div>\n\t<\/div> \n<\/div><\/div>","protected":false},"excerpt":{"rendered":"Celuloza Izolacje termiczne wykonane z w\u0142\u00f3kien celulozowych zwanych te\u017c we\u0142n\u0105 celulozow\u0105 lub fibrem to coraz...","protected":false},"author":2,"featured_media":0,"parent":242,"menu_order":3,"comment_status":"closed","ping_status":"closed","template":"","meta":{"footnotes":""},"class_list":["post-333","page","type-page","status-publish"],"yoast_head":"<!-- This site is optimized with the Yoast SEO plugin v26.9 - https:\/\/yoast.com\/product\/yoast-seo-wordpress\/ -->\n<title>Celuloza - OSBN<\/title>\n<meta name=\"robots\" content=\"index, follow, max-snippet:-1, max-image-preview:large, max-video-preview:-1\" \/>\n<link rel=\"canonical\" href=\"https:\/\/archiwum.osbn.pl\/en\/opisy-technologii\/celuloza-2\/\" \/>\n<meta property=\"og:locale\" content=\"en_GB\" \/>\n<meta property=\"og:type\" content=\"article\" \/>\n<meta property=\"og:title\" content=\"Celuloza - OSBN\" \/>\n<meta property=\"og:url\" content=\"https:\/\/archiwum.osbn.pl\/en\/opisy-technologii\/celuloza-2\/\" \/>\n<meta property=\"og:site_name\" content=\"OSBN\" \/>\n<meta property=\"article:publisher\" content=\"https:\/\/www.facebook.com\/osbnpl\/\" \/>\n<meta property=\"article:modified_time\" content=\"2025-02-19T14:06:41+00:00\" \/>\n<meta name=\"twitter:card\" content=\"summary_large_image\" \/>\n<meta name=\"twitter:label1\" content=\"Estimated reading time\" \/>\n\t<meta name=\"twitter:data1\" content=\"7 minutes\" \/>\n<script type=\"application\/ld+json\" class=\"yoast-schema-graph\">{\"@context\":\"https:\/\/schema.org\",\"@graph\":[{\"@type\":\"WebPage\",\"@id\":\"https:\/\/archiwum.osbn.pl\/opisy-technologii\/celuloza-2\/\",\"url\":\"https:\/\/archiwum.osbn.pl\/opisy-technologii\/celuloza-2\/\",\"name\":\"Celuloza - OSBN\",\"isPartOf\":{\"@id\":\"https:\/\/archiwum.osbn.pl\/#website\"},\"datePublished\":\"2023-02-13T10:14:45+00:00\",\"dateModified\":\"2025-02-19T14:06:41+00:00\",\"breadcrumb\":{\"@id\":\"https:\/\/archiwum.osbn.pl\/opisy-technologii\/celuloza-2\/#breadcrumb\"},\"inLanguage\":\"en-GB\",\"potentialAction\":[{\"@type\":\"ReadAction\",\"target\":[\"https:\/\/archiwum.osbn.pl\/opisy-technologii\/celuloza-2\/\"]}]},{\"@type\":\"BreadcrumbList\",\"@id\":\"https:\/\/archiwum.osbn.pl\/opisy-technologii\/celuloza-2\/#breadcrumb\",\"itemListElement\":[{\"@type\":\"ListItem\",\"position\":1,\"name\":\"Strona g\u0142\u00f3wna\",\"item\":\"https:\/\/archiwum.osbn.pl\/\"},{\"@type\":\"ListItem\",\"position\":2,\"name\":\"Opisy technologii\",\"item\":\"https:\/\/archiwum.osbn.pl\/opisy-technologii\/\"},{\"@type\":\"ListItem\",\"position\":3,\"name\":\"Celuloza\"}]},{\"@type\":\"WebSite\",\"@id\":\"https:\/\/archiwum.osbn.pl\/#website\",\"url\":\"https:\/\/archiwum.osbn.pl\/\",\"name\":\"OSBN\",\"description\":\"Og\u00f3lnopolskie Stowarzyszenie Budownictwa Naturalnego\",\"publisher\":{\"@id\":\"https:\/\/archiwum.osbn.pl\/#organization\"},\"potentialAction\":[{\"@type\":\"SearchAction\",\"target\":{\"@type\":\"EntryPoint\",\"urlTemplate\":\"https:\/\/archiwum.osbn.pl\/?s={search_term_string}\"},\"query-input\":{\"@type\":\"PropertyValueSpecification\",\"valueRequired\":true,\"valueName\":\"search_term_string\"}}],\"inLanguage\":\"en-GB\"},{\"@type\":\"Organization\",\"@id\":\"https:\/\/archiwum.osbn.pl\/#organization\",\"name\":\"OSBN\",\"url\":\"https:\/\/archiwum.osbn.pl\/\",\"logo\":{\"@type\":\"ImageObject\",\"inLanguage\":\"en-GB\",\"@id\":\"https:\/\/archiwum.osbn.pl\/#\/schema\/logo\/image\/\",\"url\":\"https:\/\/osbn.pl\/wp-content\/uploads\/2023\/01\/OSBN-Logo-Retina-kopia.png\",\"contentUrl\":\"https:\/\/osbn.pl\/wp-content\/uploads\/2023\/01\/OSBN-Logo-Retina-kopia.png\",\"width\":160,\"height\":101,\"caption\":\"OSBN\"},\"image\":{\"@id\":\"https:\/\/archiwum.osbn.pl\/#\/schema\/logo\/image\/\"},\"sameAs\":[\"https:\/\/www.facebook.com\/osbnpl\/\",\"https:\/\/www.instagram.com\/osbn.pl\/\",\"https:\/\/www.youtube.com\/@osbnbudownictwonaturalne2819\"]}]}<\/script>\n<!-- \/ Yoast SEO plugin. -->","yoast_head_json":{"title":"Celuloza - OSBN","robots":{"index":"index","follow":"follow","max-snippet":"max-snippet:-1","max-image-preview":"max-image-preview:large","max-video-preview":"max-video-preview:-1"},"canonical":"https:\/\/archiwum.osbn.pl\/en\/opisy-technologii\/celuloza-2\/","og_locale":"en_GB","og_type":"article","og_title":"Celuloza - OSBN","og_url":"https:\/\/archiwum.osbn.pl\/en\/opisy-technologii\/celuloza-2\/","og_site_name":"OSBN","article_publisher":"https:\/\/www.facebook.com\/osbnpl\/","article_modified_time":"2025-02-19T14:06:41+00:00","twitter_card":"summary_large_image","twitter_misc":{"Estimated reading time":"7 minutes"},"schema":{"@context":"https:\/\/schema.org","@graph":[{"@type":"WebPage","@id":"https:\/\/archiwum.osbn.pl\/opisy-technologii\/celuloza-2\/","url":"https:\/\/archiwum.osbn.pl\/opisy-technologii\/celuloza-2\/","name":"Celuloza - OSBN","isPartOf":{"@id":"https:\/\/archiwum.osbn.pl\/#website"},"datePublished":"2023-02-13T10:14:45+00:00","dateModified":"2025-02-19T14:06:41+00:00","breadcrumb":{"@id":"https:\/\/archiwum.osbn.pl\/opisy-technologii\/celuloza-2\/#breadcrumb"},"inLanguage":"en-GB","potentialAction":[{"@type":"ReadAction","target":["https:\/\/archiwum.osbn.pl\/opisy-technologii\/celuloza-2\/"]}]},{"@type":"BreadcrumbList","@id":"https:\/\/archiwum.osbn.pl\/opisy-technologii\/celuloza-2\/#breadcrumb","itemListElement":[{"@type":"ListItem","position":1,"name":"Strona g\u0142\u00f3wna","item":"https:\/\/archiwum.osbn.pl\/"},{"@type":"ListItem","position":2,"name":"Opisy technologii","item":"https:\/\/archiwum.osbn.pl\/opisy-technologii\/"},{"@type":"ListItem","position":3,"name":"Celuloza"}]},{"@type":"WebSite","@id":"https:\/\/archiwum.osbn.pl\/#website","url":"https:\/\/archiwum.osbn.pl\/","name":"OSBN","description":"Og\u00f3lnopolskie Stowarzyszenie Budownictwa Naturalnego","publisher":{"@id":"https:\/\/archiwum.osbn.pl\/#organization"},"potentialAction":[{"@type":"SearchAction","target":{"@type":"EntryPoint","urlTemplate":"https:\/\/archiwum.osbn.pl\/?s={search_term_string}"},"query-input":{"@type":"PropertyValueSpecification","valueRequired":true,"valueName":"search_term_string"}}],"inLanguage":"en-GB"},{"@type":"Organization","@id":"https:\/\/archiwum.osbn.pl\/#organization","name":"OSBN","url":"https:\/\/archiwum.osbn.pl\/","logo":{"@type":"ImageObject","inLanguage":"en-GB","@id":"https:\/\/archiwum.osbn.pl\/#\/schema\/logo\/image\/","url":"https:\/\/osbn.pl\/wp-content\/uploads\/2023\/01\/OSBN-Logo-Retina-kopia.png","contentUrl":"https:\/\/osbn.pl\/wp-content\/uploads\/2023\/01\/OSBN-Logo-Retina-kopia.png","width":160,"height":101,"caption":"OSBN"},"image":{"@id":"https:\/\/archiwum.osbn.pl\/#\/schema\/logo\/image\/"},"sameAs":["https:\/\/www.facebook.com\/osbnpl\/","https:\/\/www.instagram.com\/osbn.pl\/","https:\/\/www.youtube.com\/@osbnbudownictwonaturalne2819"]}]}},"_links":{"self":[{"href":"https:\/\/archiwum.osbn.pl\/en\/wp-json\/wp\/v2\/pages\/333","targetHints":{"allow":["GET"]}}],"collection":[{"href":"https:\/\/archiwum.osbn.pl\/en\/wp-json\/wp\/v2\/pages"}],"about":[{"href":"https:\/\/archiwum.osbn.pl\/en\/wp-json\/wp\/v2\/types\/page"}],"author":[{"embeddable":true,"href":"https:\/\/archiwum.osbn.pl\/en\/wp-json\/wp\/v2\/users\/2"}],"replies":[{"embeddable":true,"href":"https:\/\/archiwum.osbn.pl\/en\/wp-json\/wp\/v2\/comments?post=333"}],"version-history":[{"count":1,"href":"https:\/\/archiwum.osbn.pl\/en\/wp-json\/wp\/v2\/pages\/333\/revisions"}],"predecessor-version":[{"id":1213,"href":"https:\/\/archiwum.osbn.pl\/en\/wp-json\/wp\/v2\/pages\/333\/revisions\/1213"}],"up":[{"embeddable":true,"href":"https:\/\/archiwum.osbn.pl\/en\/wp-json\/wp\/v2\/pages\/242"}],"wp:attachment":[{"href":"https:\/\/archiwum.osbn.pl\/en\/wp-json\/wp\/v2\/media?parent=333"}],"curies":[{"name":"wp","href":"https:\/\/api.w.org\/{rel}","templated":true}]}}