{"id":210,"date":"2023-02-03T11:30:53","date_gmt":"2023-02-03T10:30:53","guid":{"rendered":"http:\/\/osbn.pl\/?page_id=210"},"modified":"2025-02-19T15:02:47","modified_gmt":"2025-02-19T14:02:47","slug":"wesprzyj-nas","status":"publish","type":"page","link":"https:\/\/archiwum.osbn.pl\/en\/o-stowarzyszeniu\/wesprzyj-nas\/","title":{"rendered":"Wesprzyj nas"},"content":{"rendered":"<div id=\"fws_69e2657ee6b07\"  data-column-margin=\"default\" data-midnight=\"dark\" data-bottom-percent=\"2%\"  class=\"wpb_row vc_row-fluid vc_row\"  style=\"padding-top: -10px; padding-bottom: calc(100vw * 0.02); \"><div class=\"row-bg-wrap\" data-bg-animation=\"none\" data-bg-animation-delay=\"\" data-bg-overlay=\"false\"><div class=\"inner-wrap row-bg-layer\" ><div class=\"row-bg viewport-desktop\"  style=\"\"><\/div><\/div><\/div><div class=\"row_col_wrap_12 col span_12 dark center\">\n\t<div  class=\"vc_col-sm-2 wpb_column column_container vc_column_container col no-extra-padding\"  data-padding-pos=\"all\" data-has-bg-color=\"false\" data-bg-color=\"\" data-bg-opacity=\"1\" data-animation=\"\" data-delay=\"0\" >\n\t\t<div class=\"vc_column-inner\" >\n\t\t\t<div class=\"wpb_wrapper\">\n\t\t\t\t\n\t\t\t<\/div> \n\t\t<\/div>\n\t<\/div> \n\n\t<div  class=\"vc_col-sm-8 wpb_column column_container vc_column_container col no-extra-padding\"  data-padding-pos=\"all\" data-has-bg-color=\"false\" data-bg-color=\"\" data-bg-opacity=\"1\" data-animation=\"\" data-delay=\"0\" >\n\t\t<div class=\"vc_column-inner\" >\n\t\t\t<div class=\"wpb_wrapper\">\n\t\t\t\t<div class=\"img-with-aniamtion-wrap center\" data-max-width=\"100%\" data-max-width-mobile=\"100%\" data-shadow=\"none\" data-animation=\"fade-in\" >\n      <div class=\"inner\">\n        <div class=\"hover-wrap\"> \n          <div class=\"hover-wrap-inner\">\n            <img loading=\"lazy\" decoding=\"async\" class=\"img-with-animation skip-lazy\" data-delay=\"0\" height=\"450\" width=\"450\" data-animation=\"fade-in\" src=\"https:\/\/archiwum.osbn.pl\/wp-content\/uploads\/2023\/02\/Wesprzyj-nas-kopia.png\" alt=\"\" srcset=\"https:\/\/archiwum.osbn.pl\/wp-content\/uploads\/2023\/02\/Wesprzyj-nas-kopia.png 450w, https:\/\/archiwum.osbn.pl\/wp-content\/uploads\/2023\/02\/Wesprzyj-nas-kopia-300x300.png 300w, https:\/\/archiwum.osbn.pl\/wp-content\/uploads\/2023\/02\/Wesprzyj-nas-kopia-150x150.png 150w, https:\/\/archiwum.osbn.pl\/wp-content\/uploads\/2023\/02\/Wesprzyj-nas-kopia-100x100.png 100w, https:\/\/archiwum.osbn.pl\/wp-content\/uploads\/2023\/02\/Wesprzyj-nas-kopia-140x140.png 140w, https:\/\/archiwum.osbn.pl\/wp-content\/uploads\/2023\/02\/Wesprzyj-nas-kopia-350x350.png 350w\" sizes=\"auto, (max-width: 450px) 100vw, 450px\" \/>\n          <\/div>\n        <\/div>\n      <\/div>\n    <\/div><div class=\"divider-wrap\" data-alignment=\"default\"><div style=\"height: 60px;\" class=\"divider\"><\/div><\/div>\n<div class=\"wpb_text_column wpb_content_element\" >\n\t<div class=\"wpb_wrapper\">\n\t\t<h2 style=\"text-align: center;\"><span style=\"color: #1c1c1c;\">OSBN dzia\u0142a<br \/>\nwsp\u00f3lnymi si\u0142ami i \u015brodkami<br \/>\nDo\u0142\u0105cz si\u0119!<\/span><\/h2>\n<p class=\"heading-line\" style=\"text-align: center;\">Je\u015bli chcesz, aby w Polsce\u00a0rozkwita\u0142o budownictwo\u00a0naturalne \u2013 WESPRZYJ NAS<br \/>\nTERAZ i dorzu\u0107 co\u015b do puli.\u00a0Je\u017celi chcesz stale wspiera\u0107\u00a0nasz\u0105 dzia\u0142alno\u015b\u0107 \u2013 zosta\u0144<br \/>\nCZ\u0141ONKIEM WSPIERAJ\u0104CYM OSBN<\/p>\n\t<\/div>\n<\/div>\n\n\n\n<div class=\"divider-wrap\" data-alignment=\"default\"><div style=\"height: 30px;\" class=\"divider\"><\/div><\/div><a class=\"nectar-button large see-through extra-color-3\"  role=\"button\" style=\"border-color: #1c1c1c; color: #1c1c1c;\"  href=\"https:\/\/archiwum.osbn.pl\/en\/dolacz-do-nas\/\" data-color-override=\"#1c1c1c\" data-hover-color-override=\"false\" data-hover-text-color-override=\"#fff\"><span>Zosta\u0144 cz\u0142onkiem wspieraj\u0105cym<\/span><\/a><div class=\"divider-wrap\" data-alignment=\"default\"><div style=\"height: 100px;\" class=\"divider\"><\/div><\/div>\n<div class=\"wpb_text_column wpb_content_element\" >\n\t<div class=\"wpb_wrapper\">\n\t\t<div style=\"position: relative; width: 100%; height: 400px; overflow: hidden;\"><iframe style=\"position: absolute; top: 0; left: 0; bottom: 0; right: 0; width: 100%; height: 100%;\" src=\"https:\/\/zrzutka.pl\/rfr3ct\/widget\/13\" frameborder=\"0\" scrolling=\"no\"><\/iframe><\/div>\n\t<\/div>\n<\/div>\n\n\n\n<div class=\"divider-wrap\" data-alignment=\"default\"><div style=\"height: 70px;\" class=\"divider\"><\/div><\/div>\n\t\t\t<\/div> \n\t\t<\/div>\n\t<\/div> \n\n\t<div  class=\"vc_col-sm-2 wpb_column column_container vc_column_container col no-extra-padding\"  data-padding-pos=\"all\" data-has-bg-color=\"false\" data-bg-color=\"\" data-bg-opacity=\"1\" data-animation=\"\" data-delay=\"0\" >\n\t\t<div class=\"vc_column-inner\" >\n\t\t\t<div class=\"wpb_wrapper\">\n\t\t\t\t\n\t\t\t<\/div> \n\t\t<\/div>\n\t<\/div> \n<\/div><\/div>\n\t\t<div id=\"fws_69e2657ee8972\"  data-column-margin=\"default\" data-midnight=\"light\" data-top-percent=\"8%\" data-bottom-percent=\"8%\"  class=\"wpb_row vc_row-fluid vc_row full-width-section\"  style=\"padding-top: calc(100vw * 0.08); padding-bottom: calc(100vw * 0.08); \"><div class=\"row-bg-wrap\" data-bg-animation=\"none\" data-bg-animation-delay=\"\" data-bg-overlay=\"true\"><div class=\"inner-wrap row-bg-layer\" ><div class=\"row-bg viewport-desktop using-bg-color\"  style=\"background-color: #1c1c1c; \"><\/div><\/div><div class=\"row-bg-overlay row-bg-layer\" style=\"background-color:#1c1c1c;  opacity: 1; \"><\/div><\/div><div class=\"row_col_wrap_12 col span_12 light left\">\n\t<div  class=\"vc_col-sm-12 wpb_column column_container vc_column_container col centered-text no-extra-padding\"  data-padding-pos=\"all\" data-has-bg-color=\"false\" data-bg-color=\"\" data-bg-opacity=\"1\" data-animation=\"\" data-delay=\"0\" >\n\t\t<div class=\"vc_column-inner\" >\n\t\t\t<div class=\"wpb_wrapper\">\n\t\t\t\t<div id=\"fws_69e2657ee8eff\" data-midnight=\"\" data-column-margin=\"default\" class=\"wpb_row vc_row-fluid vc_row inner_row\"  style=\"\"><div class=\"row-bg-wrap\"> <div class=\"row-bg\" ><\/div> <\/div><div class=\"row_col_wrap_12_inner col span_12  left\">\n\t<div  class=\"vc_col-sm-2 wpb_column column_container vc_column_container col child_column no-extra-padding\"   data-padding-pos=\"all\" data-has-bg-color=\"false\" data-bg-color=\"\" data-bg-opacity=\"1\" data-animation=\"\" data-delay=\"0\" >\n\t\t<div class=\"vc_column-inner\" >\n\t\t<div class=\"wpb_wrapper\">\n\t\t\t\n\t\t<\/div> \n\t<\/div>\n\t<\/div> \n\n\t<div  class=\"vc_col-sm-8 wpb_column column_container vc_column_container col child_column centered-text has-animation no-extra-padding\"   data-padding-pos=\"all\" data-has-bg-color=\"false\" data-bg-color=\"\" data-bg-opacity=\"1\" data-animation=\"fade-in-from-bottom\" data-delay=\"0\" >\n\t\t<div class=\"vc_column-inner\" >\n\t\t<div class=\"wpb_wrapper\">\n\t\t\t\n<div class=\"wpb_text_column wpb_content_element  vc_custom_1670590083613\" >\n\t<div class=\"wpb_wrapper\">\n\t\t<h2>Kontakt z nami<\/h2>\n\t<\/div>\n<\/div>\n\n\n\n\n\t\t<\/div> \n\t<\/div>\n\t<\/div> \n\n\t<div  class=\"vc_col-sm-2 wpb_column column_container vc_column_container col child_column no-extra-padding\"   data-padding-pos=\"all\" data-has-bg-color=\"false\" data-bg-color=\"\" data-bg-opacity=\"1\" data-animation=\"\" data-delay=\"0\" >\n\t\t<div class=\"vc_column-inner\" >\n\t\t<div class=\"wpb_wrapper\">\n\t\t\t\n\t\t<\/div> \n\t<\/div>\n\t<\/div> \n<\/div><\/div><div id=\"fws_69e2657ee99e8\" data-midnight=\"\" data-column-margin=\"default\" class=\"wpb_row vc_row-fluid vc_row inner_row\"  style=\"\"><div class=\"row-bg-wrap\"> <div class=\"row-bg\" ><\/div> <\/div><div class=\"row_col_wrap_12_inner col span_12  left\">\n\t<div  class=\"vc_col-sm-4 wpb_column column_container vc_column_container col child_column has-animation padding-2-percent\"   data-padding-pos=\"all\" data-has-bg-color=\"false\" data-bg-color=\"\" data-bg-opacity=\"1\" data-animation=\"fade-in-from-bottom\" data-delay=\"0\" >\n\t\t<div class=\"vc_column-inner\" >\n\t\t<div class=\"wpb_wrapper\">\n\t\t\t\n<div class=\"wpb_text_column wpb_content_element\" >\n\t<div class=\"wpb_wrapper\">\n\t\t<p><strong>Og\u00f3lnopolskie Stowarzyszenie<\/strong><br \/>\n<strong>Budownictwa Naturalnego<\/strong><\/p>\n\t<\/div>\n<\/div>\n\n\n\n<p style=\"color: rgba(255,255,255,0.7);text-align: center\" class=\"vc_custom_heading vc_do_custom_heading\" ><\/p>\n\t\t<\/div> \n\t<\/div>\n\t<\/div> \n\n\t<div  class=\"vc_col-sm-4 wpb_column column_container vc_column_container col child_column has-animation padding-2-percent\"   data-padding-pos=\"all\" data-has-bg-color=\"false\" data-bg-color=\"\" data-bg-opacity=\"1\" data-animation=\"fade-in-from-bottom\" data-delay=\"100\" >\n\t\t<div class=\"vc_column-inner\" >\n\t\t<div class=\"wpb_wrapper\">\n\t\t\t\n<div class=\"wpb_text_column wpb_content_element\" >\n\t<div class=\"wpb_wrapper\">\n\t\t<p><strong>Aleja Zjednoczenia 50 \/ U1,<\/strong><br \/>\n<strong>01-801 Warszawa<\/strong><\/p>\n\t<\/div>\n<\/div>\n\n\n\n<p style=\"color: rgba(255,255,255,0.7);text-align: center\" class=\"vc_custom_heading vc_do_custom_heading\" ><\/p>\n\t\t<\/div> \n\t<\/div>\n\t<\/div> \n\n\t<div  class=\"vc_col-sm-4 wpb_column column_container vc_column_container col child_column has-animation padding-2-percent\"   data-padding-pos=\"all\" data-has-bg-color=\"false\" data-bg-color=\"\" data-bg-opacity=\"1\" data-animation=\"fade-in-from-bottom\" data-delay=\"200\" >\n\t\t<div class=\"vc_column-inner\" >\n\t\t<div class=\"wpb_wrapper\">\n\t\t\t\n<div class=\"wpb_text_column wpb_content_element\" >\n\t<div class=\"wpb_wrapper\">\n\t\t<p><strong>Napisz do nas<\/strong><br \/>\n<strong>info@archiwum.osbn.pl<\/strong><\/p>\n\t<\/div>\n<\/div>\n\n\n\n<p style=\"color: rgba(255,255,255,0.7);text-align: center\" class=\"vc_custom_heading vc_do_custom_heading\" ><\/p>\n\t\t<\/div> \n\t<\/div>\n\t<\/div> \n<\/div><\/div><div id=\"fws_69e2657eeaca0\" data-midnight=\"\" data-column-margin=\"default\" class=\"wpb_row vc_row-fluid vc_row inner_row\"  style=\"\"><div class=\"row-bg-wrap\"> <div class=\"row-bg\" ><\/div> <\/div><div class=\"row_col_wrap_12_inner col span_12  left\">\n\t<div  class=\"vc_col-sm-12 wpb_column column_container vc_column_container col child_column has-animation no-extra-padding\"   data-padding-pos=\"all\" data-has-bg-color=\"false\" data-bg-color=\"\" data-bg-opacity=\"1\" data-animation=\"grow-in\" data-delay=\"300\" >\n\t\t<div class=\"vc_column-inner\" >\n\t\t<div class=\"wpb_wrapper\">\n\t\t\t<a class=\"nectar-button jumbo see-through-2\"  role=\"button\" style=\"margin-top: 35px; \" target=\"_blank\" href=\"mailto:info@archiwum.osbn.pl\" data-color-override=\"false\" data-hover-color-override=\"false\" data-hover-text-color-override=\"#ffffff\"><span>Napisz do nas<\/span><\/a>\n\t\t<\/div> \n\t<\/div>\n\t<\/div> \n<\/div><\/div><div class=\"divider-wrap\" data-alignment=\"default\"><div style=\"height: 60px;\" class=\"divider\"><\/div><\/div><div class=\"img-with-aniamtion-wrap center\" data-max-width=\"100%\" data-max-width-mobile=\"100%\" data-shadow=\"none\" data-animation=\"fade-in\" >\n      <div class=\"inner\">\n        <div class=\"hover-wrap\"> \n          <div class=\"hover-wrap-inner\">\n            <a href=\"#\" target=\"_self\" class=\"center\">\n              <img loading=\"lazy\" decoding=\"async\" class=\"img-with-animation skip-lazy\" data-delay=\"0\" height=\"101\" width=\"160\" data-animation=\"fade-in\" src=\"https:\/\/archiwum.osbn.pl\/wp-content\/uploads\/2023\/02\/OSBN-Logo-Retina-white-kopia.png\" alt=\"\"  \/>\n            <\/a>\n          <\/div>\n        <\/div>\n      <\/div>\n      <\/div>\n\t\t\t<\/div> \n\t\t<\/div>\n\t<\/div> \n<\/div><\/div>","protected":false},"excerpt":{"rendered":"OSBN dzia\u0142a wsp\u00f3lnymi si\u0142ami i \u015brodkami Do\u0142\u0105cz si\u0119! Je\u015bli chcesz, aby w Polsce\u00a0rozkwita\u0142o budownictwo\u00a0naturalne \u2013...","protected":false},"author":2,"featured_media":0,"parent":72,"menu_order":19,"comment_status":"closed","ping_status":"closed","template":"","meta":{"footnotes":""},"class_list":["post-210","page","type-page","status-publish"],"yoast_head":"<!-- This site is optimized with the Yoast SEO plugin v26.9 - https:\/\/yoast.com\/product\/yoast-seo-wordpress\/ -->\n<title>Wesprzyj nas - OSBN<\/title>\n<meta name=\"robots\" content=\"index, follow, max-snippet:-1, max-image-preview:large, max-video-preview:-1\" \/>\n<link rel=\"canonical\" href=\"https:\/\/archiwum.osbn.pl\/en\/o-stowarzyszeniu\/wesprzyj-nas\/\" \/>\n<meta property=\"og:locale\" content=\"en_GB\" \/>\n<meta property=\"og:type\" content=\"article\" \/>\n<meta property=\"og:title\" content=\"Wesprzyj nas - OSBN\" \/>\n<meta property=\"og:url\" content=\"https:\/\/archiwum.osbn.pl\/en\/o-stowarzyszeniu\/wesprzyj-nas\/\" \/>\n<meta property=\"og:site_name\" content=\"OSBN\" \/>\n<meta property=\"article:publisher\" content=\"https:\/\/www.facebook.com\/osbnpl\/\" \/>\n<meta property=\"article:modified_time\" content=\"2025-02-19T14:02:47+00:00\" \/>\n<meta name=\"twitter:card\" content=\"summary_large_image\" \/>\n<meta name=\"twitter:label1\" content=\"Estimated reading time\" \/>\n\t<meta name=\"twitter:data1\" content=\"4 minutes\" \/>\n<script type=\"application\/ld+json\" class=\"yoast-schema-graph\">{\"@context\":\"https:\/\/schema.org\",\"@graph\":[{\"@type\":\"WebPage\",\"@id\":\"https:\/\/archiwum.osbn.pl\/o-stowarzyszeniu\/wesprzyj-nas\/\",\"url\":\"https:\/\/archiwum.osbn.pl\/o-stowarzyszeniu\/wesprzyj-nas\/\",\"name\":\"Wesprzyj nas - OSBN\",\"isPartOf\":{\"@id\":\"https:\/\/archiwum.osbn.pl\/#website\"},\"datePublished\":\"2023-02-03T10:30:53+00:00\",\"dateModified\":\"2025-02-19T14:02:47+00:00\",\"breadcrumb\":{\"@id\":\"https:\/\/archiwum.osbn.pl\/o-stowarzyszeniu\/wesprzyj-nas\/#breadcrumb\"},\"inLanguage\":\"en-GB\",\"potentialAction\":[{\"@type\":\"ReadAction\",\"target\":[\"https:\/\/archiwum.osbn.pl\/o-stowarzyszeniu\/wesprzyj-nas\/\"]}]},{\"@type\":\"BreadcrumbList\",\"@id\":\"https:\/\/archiwum.osbn.pl\/o-stowarzyszeniu\/wesprzyj-nas\/#breadcrumb\",\"itemListElement\":[{\"@type\":\"ListItem\",\"position\":1,\"name\":\"Strona g\u0142\u00f3wna\",\"item\":\"https:\/\/archiwum.osbn.pl\/\"},{\"@type\":\"ListItem\",\"position\":2,\"name\":\"O Stowarzyszeniu\",\"item\":\"https:\/\/archiwum.osbn.pl\/o-stowarzyszeniu\/\"},{\"@type\":\"ListItem\",\"position\":3,\"name\":\"Wesprzyj nas\"}]},{\"@type\":\"WebSite\",\"@id\":\"https:\/\/archiwum.osbn.pl\/#website\",\"url\":\"https:\/\/archiwum.osbn.pl\/\",\"name\":\"OSBN\",\"description\":\"Og\u00f3lnopolskie Stowarzyszenie Budownictwa Naturalnego\",\"publisher\":{\"@id\":\"https:\/\/archiwum.osbn.pl\/#organization\"},\"potentialAction\":[{\"@type\":\"SearchAction\",\"target\":{\"@type\":\"EntryPoint\",\"urlTemplate\":\"https:\/\/archiwum.osbn.pl\/?s={search_term_string}\"},\"query-input\":{\"@type\":\"PropertyValueSpecification\",\"valueRequired\":true,\"valueName\":\"search_term_string\"}}],\"inLanguage\":\"en-GB\"},{\"@type\":\"Organization\",\"@id\":\"https:\/\/archiwum.osbn.pl\/#organization\",\"name\":\"OSBN\",\"url\":\"https:\/\/archiwum.osbn.pl\/\",\"logo\":{\"@type\":\"ImageObject\",\"inLanguage\":\"en-GB\",\"@id\":\"https:\/\/archiwum.osbn.pl\/#\/schema\/logo\/image\/\",\"url\":\"https:\/\/osbn.pl\/wp-content\/uploads\/2023\/01\/OSBN-Logo-Retina-kopia.png\",\"contentUrl\":\"https:\/\/osbn.pl\/wp-content\/uploads\/2023\/01\/OSBN-Logo-Retina-kopia.png\",\"width\":160,\"height\":101,\"caption\":\"OSBN\"},\"image\":{\"@id\":\"https:\/\/archiwum.osbn.pl\/#\/schema\/logo\/image\/\"},\"sameAs\":[\"https:\/\/www.facebook.com\/osbnpl\/\",\"https:\/\/www.instagram.com\/osbn.pl\/\",\"https:\/\/www.youtube.com\/@osbnbudownictwonaturalne2819\"]}]}<\/script>\n<!-- \/ Yoast SEO plugin. -->","yoast_head_json":{"title":"Wesprzyj nas - OSBN","robots":{"index":"index","follow":"follow","max-snippet":"max-snippet:-1","max-image-preview":"max-image-preview:large","max-video-preview":"max-video-preview:-1"},"canonical":"https:\/\/archiwum.osbn.pl\/en\/o-stowarzyszeniu\/wesprzyj-nas\/","og_locale":"en_GB","og_type":"article","og_title":"Wesprzyj nas - OSBN","og_url":"https:\/\/archiwum.osbn.pl\/en\/o-stowarzyszeniu\/wesprzyj-nas\/","og_site_name":"OSBN","article_publisher":"https:\/\/www.facebook.com\/osbnpl\/","article_modified_time":"2025-02-19T14:02:47+00:00","twitter_card":"summary_large_image","twitter_misc":{"Estimated reading time":"4 minutes"},"schema":{"@context":"https:\/\/schema.org","@graph":[{"@type":"WebPage","@id":"https:\/\/archiwum.osbn.pl\/o-stowarzyszeniu\/wesprzyj-nas\/","url":"https:\/\/archiwum.osbn.pl\/o-stowarzyszeniu\/wesprzyj-nas\/","name":"Wesprzyj nas - OSBN","isPartOf":{"@id":"https:\/\/archiwum.osbn.pl\/#website"},"datePublished":"2023-02-03T10:30:53+00:00","dateModified":"2025-02-19T14:02:47+00:00","breadcrumb":{"@id":"https:\/\/archiwum.osbn.pl\/o-stowarzyszeniu\/wesprzyj-nas\/#breadcrumb"},"inLanguage":"en-GB","potentialAction":[{"@type":"ReadAction","target":["https:\/\/archiwum.osbn.pl\/o-stowarzyszeniu\/wesprzyj-nas\/"]}]},{"@type":"BreadcrumbList","@id":"https:\/\/archiwum.osbn.pl\/o-stowarzyszeniu\/wesprzyj-nas\/#breadcrumb","itemListElement":[{"@type":"ListItem","position":1,"name":"Strona g\u0142\u00f3wna","item":"https:\/\/archiwum.osbn.pl\/"},{"@type":"ListItem","position":2,"name":"O Stowarzyszeniu","item":"https:\/\/archiwum.osbn.pl\/o-stowarzyszeniu\/"},{"@type":"ListItem","position":3,"name":"Wesprzyj nas"}]},{"@type":"WebSite","@id":"https:\/\/archiwum.osbn.pl\/#website","url":"https:\/\/archiwum.osbn.pl\/","name":"OSBN","description":"Og\u00f3lnopolskie Stowarzyszenie Budownictwa Naturalnego","publisher":{"@id":"https:\/\/archiwum.osbn.pl\/#organization"},"potentialAction":[{"@type":"SearchAction","target":{"@type":"EntryPoint","urlTemplate":"https:\/\/archiwum.osbn.pl\/?s={search_term_string}"},"query-input":{"@type":"PropertyValueSpecification","valueRequired":true,"valueName":"search_term_string"}}],"inLanguage":"en-GB"},{"@type":"Organization","@id":"https:\/\/archiwum.osbn.pl\/#organization","name":"OSBN","url":"https:\/\/archiwum.osbn.pl\/","logo":{"@type":"ImageObject","inLanguage":"en-GB","@id":"https:\/\/archiwum.osbn.pl\/#\/schema\/logo\/image\/","url":"https:\/\/osbn.pl\/wp-content\/uploads\/2023\/01\/OSBN-Logo-Retina-kopia.png","contentUrl":"https:\/\/osbn.pl\/wp-content\/uploads\/2023\/01\/OSBN-Logo-Retina-kopia.png","width":160,"height":101,"caption":"OSBN"},"image":{"@id":"https:\/\/archiwum.osbn.pl\/#\/schema\/logo\/image\/"},"sameAs":["https:\/\/www.facebook.com\/osbnpl\/","https:\/\/www.instagram.com\/osbn.pl\/","https:\/\/www.youtube.com\/@osbnbudownictwonaturalne2819"]}]}},"_links":{"self":[{"href":"https:\/\/archiwum.osbn.pl\/en\/wp-json\/wp\/v2\/pages\/210","targetHints":{"allow":["GET"]}}],"collection":[{"href":"https:\/\/archiwum.osbn.pl\/en\/wp-json\/wp\/v2\/pages"}],"about":[{"href":"https:\/\/archiwum.osbn.pl\/en\/wp-json\/wp\/v2\/types\/page"}],"author":[{"embeddable":true,"href":"https:\/\/archiwum.osbn.pl\/en\/wp-json\/wp\/v2\/users\/2"}],"replies":[{"embeddable":true,"href":"https:\/\/archiwum.osbn.pl\/en\/wp-json\/wp\/v2\/comments?post=210"}],"version-history":[{"count":5,"href":"https:\/\/archiwum.osbn.pl\/en\/wp-json\/wp\/v2\/pages\/210\/revisions"}],"predecessor-version":[{"id":1207,"href":"https:\/\/archiwum.osbn.pl\/en\/wp-json\/wp\/v2\/pages\/210\/revisions\/1207"}],"up":[{"embeddable":true,"href":"https:\/\/archiwum.osbn.pl\/en\/wp-json\/wp\/v2\/pages\/72"}],"wp:attachment":[{"href":"https:\/\/archiwum.osbn.pl\/en\/wp-json\/wp\/v2\/media?parent=210"}],"curies":[{"name":"wp","href":"https:\/\/api.w.org\/{rel}","templated":true}]}}